{"id":1058,"date":"2024-04-16T10:57:57","date_gmt":"2024-04-16T10:57:57","guid":{"rendered":"https:\/\/shop.belegend.pt\/?post_type=product&#038;p=1058"},"modified":"2025-11-29T10:49:22","modified_gmt":"2025-11-29T10:49:22","slug":"top-be-a-legend-preto","status":"publish","type":"product","link":"https:\/\/shop.belegend.pt\/en\/product\/top-be-a-legend-preto\/","title":{"rendered":"Top Be a Legend Preto"},"content":{"rendered":"<p>Com um design contempor\u00e2neo, este top adapta-se a qualquer tipo de atividade f\u00edsica. A respirabilidade e capacidade de absor\u00e7\u00e3o de humidade mant\u00eam a pele fresca e seca durante o treino, garantindo o m\u00e1ximo conforto em todas as situa\u00e7\u00f5es.<\/p>\n","protected":false},"excerpt":{"rendered":"<p>Com um design contempor\u00e2neo, este top adapta-se a qualquer tipo de atividade f\u00edsica. A respirabilidade e capacidade de absor\u00e7\u00e3o de humidade mant\u00eam a pele fresca e seca durante o treino, garantindo o m\u00e1ximo conforto em todas as situa\u00e7\u00f5es.<\/p>\n","protected":false},"featured_media":4576,"template":"","meta":[],"product_brand":[],"product_cat":[60],"product_tag":[],"class_list":{"0":"post-1058","1":"product","2":"type-product","3":"status-publish","4":"has-post-thumbnail","6":"product_cat-tops","8":"first","9":"instock","10":"taxable","11":"shipping-taxable","12":"purchasable","13":"product-type-variable"},"_links":{"self":[{"href":"https:\/\/shop.belegend.pt\/en\/wp-json\/wp\/v2\/product\/1058","targetHints":{"allow":["GET"]}}],"collection":[{"href":"https:\/\/shop.belegend.pt\/en\/wp-json\/wp\/v2\/product"}],"about":[{"href":"https:\/\/shop.belegend.pt\/en\/wp-json\/wp\/v2\/types\/product"}],"wp:featuredmedia":[{"embeddable":true,"href":"https:\/\/shop.belegend.pt\/en\/wp-json\/wp\/v2\/media\/4576"}],"wp:attachment":[{"href":"https:\/\/shop.belegend.pt\/en\/wp-json\/wp\/v2\/media?parent=1058"}],"wp:term":[{"taxonomy":"product_brand","embeddable":true,"href":"https:\/\/shop.belegend.pt\/en\/wp-json\/wp\/v2\/product_brand?post=1058"},{"taxonomy":"product_cat","embeddable":true,"href":"https:\/\/shop.belegend.pt\/en\/wp-json\/wp\/v2\/product_cat?post=1058"},{"taxonomy":"product_tag","embeddable":true,"href":"https:\/\/shop.belegend.pt\/en\/wp-json\/wp\/v2\/product_tag?post=1058"}],"curies":[{"name":"wp","href":"https:\/\/api.w.org\/{rel}","templated":true}]}}