{"id":1128,"date":"2024-04-16T11:13:24","date_gmt":"2024-04-16T11:13:24","guid":{"rendered":"https:\/\/shop.belegend.pt\/?post_type=product&#038;p=1128"},"modified":"2025-11-29T03:27:24","modified_gmt":"2025-11-29T03:27:24","slug":"t-shirt-croptop-be-a-legend-branca","status":"publish","type":"product","link":"https:\/\/shop.belegend.pt\/en\/product\/t-shirt-croptop-be-a-legend-branca\/","title":{"rendered":"T-shirt Croptop Be a Legend Branca"},"content":{"rendered":"<p>A combina\u00e7\u00e3o de estilo e funcionalidade, proporciona o equil\u00edbrio perfeito entre conforto e performance. O design cropped permite uma maior liberdade de movimento, enquanto a silhueta moderna \u00e9 perfeita para usar dentro e fora do gin\u00e1sio.<\/p>\n","protected":false},"excerpt":{"rendered":"<p>A combina\u00e7\u00e3o de estilo e funcionalidade, proporciona o equil\u00edbrio perfeito entre conforto e performance. O design cropped permite uma maior liberdade de movimento, enquanto a silhueta moderna \u00e9 perfeita para usar dentro e fora do gin\u00e1sio.<\/p>\n","protected":false},"featured_media":5381,"template":"","meta":[],"product_brand":[],"product_cat":[56],"product_tag":[],"class_list":{"0":"post-1128","1":"product","2":"type-product","3":"status-publish","4":"has-post-thumbnail","6":"product_cat-croptops-shirts","8":"first","9":"instock","10":"taxable","11":"shipping-taxable","12":"purchasable","13":"product-type-variable"},"_links":{"self":[{"href":"https:\/\/shop.belegend.pt\/en\/wp-json\/wp\/v2\/product\/1128","targetHints":{"allow":["GET"]}}],"collection":[{"href":"https:\/\/shop.belegend.pt\/en\/wp-json\/wp\/v2\/product"}],"about":[{"href":"https:\/\/shop.belegend.pt\/en\/wp-json\/wp\/v2\/types\/product"}],"wp:featuredmedia":[{"embeddable":true,"href":"https:\/\/shop.belegend.pt\/en\/wp-json\/wp\/v2\/media\/5381"}],"wp:attachment":[{"href":"https:\/\/shop.belegend.pt\/en\/wp-json\/wp\/v2\/media?parent=1128"}],"wp:term":[{"taxonomy":"product_brand","embeddable":true,"href":"https:\/\/shop.belegend.pt\/en\/wp-json\/wp\/v2\/product_brand?post=1128"},{"taxonomy":"product_cat","embeddable":true,"href":"https:\/\/shop.belegend.pt\/en\/wp-json\/wp\/v2\/product_cat?post=1128"},{"taxonomy":"product_tag","embeddable":true,"href":"https:\/\/shop.belegend.pt\/en\/wp-json\/wp\/v2\/product_tag?post=1128"}],"curies":[{"name":"wp","href":"https:\/\/api.w.org\/{rel}","templated":true}]}}