{"id":1269,"date":"2024-04-16T16:10:05","date_gmt":"2024-04-16T16:10:05","guid":{"rendered":"https:\/\/shop.belegend.pt\/?post_type=product&#038;p=1269"},"modified":"2025-11-29T03:26:52","modified_gmt":"2025-11-29T03:26:52","slug":"leggings-legend-pretas","status":"publish","type":"product","link":"https:\/\/shop.belegend.pt\/en\/product\/leggings-legend-pretas\/","title":{"rendered":"Leggings Legend Pretas"},"content":{"rendered":"<p>-Modelo de cintura regular;<br \/>\nDescobre o equil\u00edbrio perfeito entre conforto e desempenho com as leggings Legend. Projetadas para acompanhar todos os seus movimentos, estas leggings oferecem uma sensa\u00e7\u00e3o suave e flex\u00edvel, ao mesmo tempo que proporcionam um suporte ideal durante os treinos mais intensos. Combinando estilo e funcionalidade, estas leggings s\u00e3o a escolha ideal para elevar o seu estilo de treino.<\/p>\n","protected":false},"excerpt":{"rendered":"<p>-Modelo de cintura regular; Descobre o equil\u00edbrio perfeito entre conforto e desempenho com as leggings Legend. Projetadas para acompanhar todos os seus movimentos, estas leggings oferecem uma sensa\u00e7\u00e3o suave e flex\u00edvel, ao mesmo tempo que proporcionam um suporte ideal durante os treinos mais intensos. Combinando estilo e funcionalidade, estas leggings s\u00e3o a escolha ideal para [&hellip;]<\/p>\n","protected":false},"featured_media":5456,"template":"","meta":[],"product_brand":[],"product_cat":[57],"product_tag":[],"class_list":{"0":"post-1269","1":"product","2":"type-product","3":"status-publish","4":"has-post-thumbnail","6":"product_cat-shorts-leggins","8":"first","9":"instock","10":"taxable","11":"shipping-taxable","12":"purchasable","13":"product-type-variable"},"_links":{"self":[{"href":"https:\/\/shop.belegend.pt\/en\/wp-json\/wp\/v2\/product\/1269","targetHints":{"allow":["GET"]}}],"collection":[{"href":"https:\/\/shop.belegend.pt\/en\/wp-json\/wp\/v2\/product"}],"about":[{"href":"https:\/\/shop.belegend.pt\/en\/wp-json\/wp\/v2\/types\/product"}],"wp:featuredmedia":[{"embeddable":true,"href":"https:\/\/shop.belegend.pt\/en\/wp-json\/wp\/v2\/media\/5456"}],"wp:attachment":[{"href":"https:\/\/shop.belegend.pt\/en\/wp-json\/wp\/v2\/media?parent=1269"}],"wp:term":[{"taxonomy":"product_brand","embeddable":true,"href":"https:\/\/shop.belegend.pt\/en\/wp-json\/wp\/v2\/product_brand?post=1269"},{"taxonomy":"product_cat","embeddable":true,"href":"https:\/\/shop.belegend.pt\/en\/wp-json\/wp\/v2\/product_cat?post=1269"},{"taxonomy":"product_tag","embeddable":true,"href":"https:\/\/shop.belegend.pt\/en\/wp-json\/wp\/v2\/product_tag?post=1269"}],"curies":[{"name":"wp","href":"https:\/\/api.w.org\/{rel}","templated":true}]}}