{"id":1337,"date":"2024-04-16T21:20:37","date_gmt":"2024-04-16T21:20:37","guid":{"rendered":"https:\/\/shop.belegend.pt\/?post_type=product&#038;p=1337"},"modified":"2025-11-19T13:16:31","modified_gmt":"2025-11-19T13:16:31","slug":"mochila-45l-legend-preta","status":"publish","type":"product","link":"https:\/\/shop.belegend.pt\/en\/product\/mochila-45l-legend-preta\/","title":{"rendered":"Mochila 45L Legend Preta"},"content":{"rendered":"<p>Mochila vers\u00e1til com v\u00e1rios compartimentos e bolsos (interno e externo)<br \/>\ncom z\u00edper<br \/>\n48CMx28CMx28CM<br \/>\nCapacidade: 45L<\/p>\n<p>Nota: Oferta de um patch Legend com bandeira Portuguesa<\/p>\n","protected":false},"excerpt":{"rendered":"<p>Mochila vers\u00e1til com v\u00e1rios compartimentos e bolsos (interno e externo) com z\u00edper 48CMx28CMx28CM Capacidade: 45L Nota: Oferta de um patch Legend com bandeira Portuguesa<\/p>\n","protected":false},"featured_media":4876,"template":"","meta":[],"product_brand":[],"product_cat":[64],"product_tag":[],"class_list":{"0":"post-1337","1":"product","2":"type-product","3":"status-publish","4":"has-post-thumbnail","6":"product_cat-acessorios","8":"first","9":"instock","10":"taxable","11":"shipping-taxable","12":"purchasable","13":"product-type-simple"},"_links":{"self":[{"href":"https:\/\/shop.belegend.pt\/en\/wp-json\/wp\/v2\/product\/1337","targetHints":{"allow":["GET"]}}],"collection":[{"href":"https:\/\/shop.belegend.pt\/en\/wp-json\/wp\/v2\/product"}],"about":[{"href":"https:\/\/shop.belegend.pt\/en\/wp-json\/wp\/v2\/types\/product"}],"wp:featuredmedia":[{"embeddable":true,"href":"https:\/\/shop.belegend.pt\/en\/wp-json\/wp\/v2\/media\/4876"}],"wp:attachment":[{"href":"https:\/\/shop.belegend.pt\/en\/wp-json\/wp\/v2\/media?parent=1337"}],"wp:term":[{"taxonomy":"product_brand","embeddable":true,"href":"https:\/\/shop.belegend.pt\/en\/wp-json\/wp\/v2\/product_brand?post=1337"},{"taxonomy":"product_cat","embeddable":true,"href":"https:\/\/shop.belegend.pt\/en\/wp-json\/wp\/v2\/product_cat?post=1337"},{"taxonomy":"product_tag","embeddable":true,"href":"https:\/\/shop.belegend.pt\/en\/wp-json\/wp\/v2\/product_tag?post=1337"}],"curies":[{"name":"wp","href":"https:\/\/api.w.org\/{rel}","templated":true}]}}