{"id":1359,"date":"2024-04-16T21:22:39","date_gmt":"2024-04-16T21:22:39","guid":{"rendered":"https:\/\/shop.belegend.pt\/?post_type=product&#038;p=1359"},"modified":"2025-08-05T15:20:20","modified_gmt":"2025-08-05T15:20:20","slug":"chapeu-legend-preto","status":"publish","type":"product","link":"https:\/\/shop.belegend.pt\/en\/product\/chapeu-legend-preto\/","title":{"rendered":"Chap\u00e9u Legend Preto"},"content":{"rendered":"<p><span data-sheets-root=\"1\" data-sheets-value=\"{&quot;1&quot;:2,&quot;2&quot;:&quot;Patches bordadosnExclusivo Legend &quot;}\" data-sheets-userformat=\"{&quot;2&quot;:14979,&quot;3&quot;:{&quot;1&quot;:0},&quot;4&quot;:{&quot;1&quot;:2,&quot;2&quot;:16777215},&quot;10&quot;:1,&quot;12&quot;:0,&quot;14&quot;:{&quot;1&quot;:2,&quot;2&quot;:855309},&quot;15&quot;:&quot;S\u00f6hne, ui-sans-serif, system-ui, -apple-system, &quot;Segoe UI&quot;, Roboto, Ubuntu, Cantarell, &quot;Noto Sans&quot;, sans-serif, &quot;Helvetica Neue&quot;, Arial, &quot;Apple Color Emoji&quot;, &quot;Segoe UI Emoji&quot;, &quot;Segoe UI Symbol&quot;, &quot;Noto Color Emoji&quot;&quot;,&quot;16&quot;:10}\">Chap\u00e9u jockey de 6 pain\u00e9is com pala curva e log\u00f3tipo bordado \u00e0 frente<br \/>\n-Tamanho \u00fanico (Ajust\u00e1vel)<\/span><\/p>\n","protected":false},"excerpt":{"rendered":"<p>Chap\u00e9u jockey de 6 pain\u00e9is com pala curva e log\u00f3tipo bordado \u00e0 frente -Tamanho \u00fanico (Ajust\u00e1vel)<\/p>\n","protected":false},"featured_media":4825,"template":"","meta":[],"product_brand":[],"product_cat":[64],"product_tag":[],"class_list":{"0":"post-1359","1":"product","2":"type-product","3":"status-publish","4":"has-post-thumbnail","6":"product_cat-acessorios","8":"first","9":"instock","10":"taxable","11":"shipping-taxable","12":"purchasable","13":"product-type-simple"},"_links":{"self":[{"href":"https:\/\/shop.belegend.pt\/en\/wp-json\/wp\/v2\/product\/1359","targetHints":{"allow":["GET"]}}],"collection":[{"href":"https:\/\/shop.belegend.pt\/en\/wp-json\/wp\/v2\/product"}],"about":[{"href":"https:\/\/shop.belegend.pt\/en\/wp-json\/wp\/v2\/types\/product"}],"wp:featuredmedia":[{"embeddable":true,"href":"https:\/\/shop.belegend.pt\/en\/wp-json\/wp\/v2\/media\/4825"}],"wp:attachment":[{"href":"https:\/\/shop.belegend.pt\/en\/wp-json\/wp\/v2\/media?parent=1359"}],"wp:term":[{"taxonomy":"product_brand","embeddable":true,"href":"https:\/\/shop.belegend.pt\/en\/wp-json\/wp\/v2\/product_brand?post=1359"},{"taxonomy":"product_cat","embeddable":true,"href":"https:\/\/shop.belegend.pt\/en\/wp-json\/wp\/v2\/product_cat?post=1359"},{"taxonomy":"product_tag","embeddable":true,"href":"https:\/\/shop.belegend.pt\/en\/wp-json\/wp\/v2\/product_tag?post=1359"}],"curies":[{"name":"wp","href":"https:\/\/api.w.org\/{rel}","templated":true}]}}