{"id":1378,"date":"2024-04-16T21:24:54","date_gmt":"2024-04-16T21:24:54","guid":{"rendered":"https:\/\/shop.belegend.pt\/?post_type=product&#038;p=1378"},"modified":"2025-11-17T09:51:47","modified_gmt":"2025-11-17T09:51:47","slug":"cadeado-legend","status":"publish","type":"product","link":"https:\/\/shop.belegend.pt\/en\/product\/cadeado-legend\/","title":{"rendered":"Cadeado Legend"},"content":{"rendered":"<p><span data-sheets-root=\"1\" data-sheets-value=\"{&quot;1&quot;:2,&quot;2&quot;:&quot;Patches bordadosnExclusivo Legend &quot;}\" data-sheets-userformat=\"{&quot;2&quot;:14979,&quot;3&quot;:{&quot;1&quot;:0},&quot;4&quot;:{&quot;1&quot;:2,&quot;2&quot;:16777215},&quot;10&quot;:1,&quot;12&quot;:0,&quot;14&quot;:{&quot;1&quot;:2,&quot;2&quot;:855309},&quot;15&quot;:&quot;S\u00f6hne, ui-sans-serif, system-ui, -apple-system, &quot;Segoe UI&quot;, Roboto, Ubuntu, Cantarell, &quot;Noto Sans&quot;, sans-serif, &quot;Helvetica Neue&quot;, Arial, &quot;Apple Color Emoji&quot;, &quot;Segoe UI Emoji&quot;, &quot;Segoe UI Symbol&quot;, &quot;Noto Color Emoji&quot;&quot;,&quot;16&quot;:10}\">Cadeado com c\u00f3digo program\u00e1vel em a\u00e7o inoxid\u00e1vel <\/span><\/p>\n","protected":false},"excerpt":{"rendered":"<p>Cadeado com c\u00f3digo program\u00e1vel em a\u00e7o inoxid\u00e1vel<\/p>\n","protected":false},"featured_media":4836,"template":"","meta":[],"product_brand":[],"product_cat":[64],"product_tag":[],"class_list":{"0":"post-1378","1":"product","2":"type-product","3":"status-publish","4":"has-post-thumbnail","6":"product_cat-acessorios","8":"first","9":"instock","10":"taxable","11":"shipping-taxable","12":"purchasable","13":"product-type-simple"},"_links":{"self":[{"href":"https:\/\/shop.belegend.pt\/en\/wp-json\/wp\/v2\/product\/1378","targetHints":{"allow":["GET"]}}],"collection":[{"href":"https:\/\/shop.belegend.pt\/en\/wp-json\/wp\/v2\/product"}],"about":[{"href":"https:\/\/shop.belegend.pt\/en\/wp-json\/wp\/v2\/types\/product"}],"wp:featuredmedia":[{"embeddable":true,"href":"https:\/\/shop.belegend.pt\/en\/wp-json\/wp\/v2\/media\/4836"}],"wp:attachment":[{"href":"https:\/\/shop.belegend.pt\/en\/wp-json\/wp\/v2\/media?parent=1378"}],"wp:term":[{"taxonomy":"product_brand","embeddable":true,"href":"https:\/\/shop.belegend.pt\/en\/wp-json\/wp\/v2\/product_brand?post=1378"},{"taxonomy":"product_cat","embeddable":true,"href":"https:\/\/shop.belegend.pt\/en\/wp-json\/wp\/v2\/product_cat?post=1378"},{"taxonomy":"product_tag","embeddable":true,"href":"https:\/\/shop.belegend.pt\/en\/wp-json\/wp\/v2\/product_tag?post=1378"}],"curies":[{"name":"wp","href":"https:\/\/api.w.org\/{rel}","templated":true}]}}