{"id":1396,"date":"2024-04-16T21:29:08","date_gmt":"2024-04-16T21:29:08","guid":{"rendered":"https:\/\/shop.belegend.pt\/?post_type=product&#038;p=1396"},"modified":"2025-10-17T12:20:55","modified_gmt":"2025-10-17T12:20:55","slug":"straps-legend","status":"publish","type":"product","link":"https:\/\/shop.belegend.pt\/en\/product\/straps-legend\/","title":{"rendered":"Straps Legend"},"content":{"rendered":"<p><span data-sheets-root=\"1\" data-sheets-value=\"{&quot;1&quot;:2,&quot;2&quot;:&quot;Patches bordadosnExclusivo Legend &quot;}\" data-sheets-userformat=\"{&quot;2&quot;:14979,&quot;3&quot;:{&quot;1&quot;:0},&quot;4&quot;:{&quot;1&quot;:2,&quot;2&quot;:16777215},&quot;10&quot;:1,&quot;12&quot;:0,&quot;14&quot;:{&quot;1&quot;:2,&quot;2&quot;:855309},&quot;15&quot;:&quot;S\u00f6hne, ui-sans-serif, system-ui, -apple-system, &quot;Segoe UI&quot;, Roboto, Ubuntu, Cantarell, &quot;Noto Sans&quot;, sans-serif, &quot;Helvetica Neue&quot;, Arial, &quot;Apple Color Emoji&quot;, &quot;Segoe UI Emoji&quot;, &quot;Segoe UI Symbol&quot;, &quot;Noto Color Emoji&quot;&quot;,&quot;16&quot;:10}\">Fabricados com materiais resistentes e ergon\u00f3micos, os nossos straps proporcionam uma ader\u00eancia superior e permitem-te focar totalmente nos exerc\u00edcios, sem preocupa\u00e7\u00f5es.<\/span><\/p>\n","protected":false},"excerpt":{"rendered":"<p>Fabricados com materiais resistentes e ergon\u00f3micos, os nossos straps proporcionam uma ader\u00eancia superior e permitem-te focar totalmente nos exerc\u00edcios, sem preocupa\u00e7\u00f5es.<\/p>\n","protected":false},"featured_media":4979,"template":"","meta":[],"product_brand":[],"product_cat":[64],"product_tag":[],"class_list":{"0":"post-1396","1":"product","2":"type-product","3":"status-publish","4":"has-post-thumbnail","6":"product_cat-acessorios","8":"first","9":"outofstock","10":"taxable","11":"shipping-taxable","12":"purchasable","13":"product-type-simple"},"_links":{"self":[{"href":"https:\/\/shop.belegend.pt\/en\/wp-json\/wp\/v2\/product\/1396","targetHints":{"allow":["GET"]}}],"collection":[{"href":"https:\/\/shop.belegend.pt\/en\/wp-json\/wp\/v2\/product"}],"about":[{"href":"https:\/\/shop.belegend.pt\/en\/wp-json\/wp\/v2\/types\/product"}],"wp:featuredmedia":[{"embeddable":true,"href":"https:\/\/shop.belegend.pt\/en\/wp-json\/wp\/v2\/media\/4979"}],"wp:attachment":[{"href":"https:\/\/shop.belegend.pt\/en\/wp-json\/wp\/v2\/media?parent=1396"}],"wp:term":[{"taxonomy":"product_brand","embeddable":true,"href":"https:\/\/shop.belegend.pt\/en\/wp-json\/wp\/v2\/product_brand?post=1396"},{"taxonomy":"product_cat","embeddable":true,"href":"https:\/\/shop.belegend.pt\/en\/wp-json\/wp\/v2\/product_cat?post=1396"},{"taxonomy":"product_tag","embeddable":true,"href":"https:\/\/shop.belegend.pt\/en\/wp-json\/wp\/v2\/product_tag?post=1396"}],"curies":[{"name":"wp","href":"https:\/\/api.w.org\/{rel}","templated":true}]}}