{"id":2978,"date":"2025-02-25T11:48:51","date_gmt":"2025-02-25T11:48:51","guid":{"rendered":"https:\/\/shop.belegend.pt\/?post_type=product&#038;p=2978"},"modified":"2025-10-31T15:39:05","modified_gmt":"2025-10-31T15:39:05","slug":"garrafa-legend-de-aco-inoxidavel-preta","status":"publish","type":"product","link":"https:\/\/shop.belegend.pt\/en\/product\/garrafa-legend-de-aco-inoxidavel-preta\/","title":{"rendered":"Garrafa Legend de A\u00e7o Inoxid\u00e1vel Preta"},"content":{"rendered":"<p>Mant\u00e9m as tuas bebidas na temperatura ideal com a Garrafa Legend. Design elegante em preto fosco, com isolamento t\u00e9rmico que mant\u00e9m a tua bebida quente ou fria at\u00e9 24h. Compacta, resistente, \u00e9 a escolha perfeita para quem procura estilo e desempenho no seu treino<\/p>\n","protected":false},"excerpt":{"rendered":"<p>Mant\u00e9m as tuas bebidas na temperatura ideal com a Garrafa Legend. Design elegante em preto fosco, com isolamento t\u00e9rmico que mant\u00e9m a tua bebida quente ou fria at\u00e9 24h. Compacta, resistente, \u00e9 a escolha perfeita para quem procura estilo e desempenho no seu treino<\/p>\n","protected":false},"featured_media":4793,"template":"","meta":[],"product_brand":[],"product_cat":[64],"product_tag":[],"class_list":{"0":"post-2978","1":"product","2":"type-product","3":"status-publish","4":"has-post-thumbnail","6":"product_cat-acessorios","8":"first","9":"instock","10":"taxable","11":"shipping-taxable","12":"purchasable","13":"product-type-simple"},"_links":{"self":[{"href":"https:\/\/shop.belegend.pt\/en\/wp-json\/wp\/v2\/product\/2978","targetHints":{"allow":["GET"]}}],"collection":[{"href":"https:\/\/shop.belegend.pt\/en\/wp-json\/wp\/v2\/product"}],"about":[{"href":"https:\/\/shop.belegend.pt\/en\/wp-json\/wp\/v2\/types\/product"}],"wp:featuredmedia":[{"embeddable":true,"href":"https:\/\/shop.belegend.pt\/en\/wp-json\/wp\/v2\/media\/4793"}],"wp:attachment":[{"href":"https:\/\/shop.belegend.pt\/en\/wp-json\/wp\/v2\/media?parent=2978"}],"wp:term":[{"taxonomy":"product_brand","embeddable":true,"href":"https:\/\/shop.belegend.pt\/en\/wp-json\/wp\/v2\/product_brand?post=2978"},{"taxonomy":"product_cat","embeddable":true,"href":"https:\/\/shop.belegend.pt\/en\/wp-json\/wp\/v2\/product_cat?post=2978"},{"taxonomy":"product_tag","embeddable":true,"href":"https:\/\/shop.belegend.pt\/en\/wp-json\/wp\/v2\/product_tag?post=2978"}],"curies":[{"name":"wp","href":"https:\/\/api.w.org\/{rel}","templated":true}]}}