{"id":3094,"date":"2025-02-26T10:05:43","date_gmt":"2025-02-26T10:05:43","guid":{"rendered":"https:\/\/shop.belegend.pt\/?post_type=product&#038;p=3094"},"modified":"2025-11-29T03:26:39","modified_gmt":"2025-11-29T03:26:39","slug":"sweatshirt-legend-verde-verde","status":"publish","type":"product","link":"https:\/\/shop.belegend.pt\/en\/product\/sweatshirt-legend-verde-verde\/","title":{"rendered":"Sweatshirt Legend Verde\/ Verde"},"content":{"rendered":"<p>Com um design moderno, a sweatshirt Legend em tons de verde, garante o m\u00e1ximo de conforto e estilo. Feita com tecidos de alta qualidade, \u00e9 a escolha ideal para o treino ou para o uso di\u00e1rio, proporcionando conforto e um visual sofisticado.<\/p>\n","protected":false},"excerpt":{"rendered":"<p>Com um design moderno, a sweatshirt Legend em tons de verde, garante o m\u00e1ximo de conforto e estilo. Feita com tecidos de alta qualidade, \u00e9 a escolha ideal para o treino ou para o uso di\u00e1rio, proporcionando conforto e um visual sofisticado.<\/p>\n","protected":false},"featured_media":5419,"template":"","meta":[],"product_brand":[],"product_cat":[56],"product_tag":[],"class_list":{"0":"post-3094","1":"product","2":"type-product","3":"status-publish","4":"has-post-thumbnail","6":"product_cat-croptops-shirts","8":"first","9":"instock","10":"taxable","11":"shipping-taxable","12":"purchasable","13":"product-type-variable"},"_links":{"self":[{"href":"https:\/\/shop.belegend.pt\/en\/wp-json\/wp\/v2\/product\/3094","targetHints":{"allow":["GET"]}}],"collection":[{"href":"https:\/\/shop.belegend.pt\/en\/wp-json\/wp\/v2\/product"}],"about":[{"href":"https:\/\/shop.belegend.pt\/en\/wp-json\/wp\/v2\/types\/product"}],"wp:featuredmedia":[{"embeddable":true,"href":"https:\/\/shop.belegend.pt\/en\/wp-json\/wp\/v2\/media\/5419"}],"wp:attachment":[{"href":"https:\/\/shop.belegend.pt\/en\/wp-json\/wp\/v2\/media?parent=3094"}],"wp:term":[{"taxonomy":"product_brand","embeddable":true,"href":"https:\/\/shop.belegend.pt\/en\/wp-json\/wp\/v2\/product_brand?post=3094"},{"taxonomy":"product_cat","embeddable":true,"href":"https:\/\/shop.belegend.pt\/en\/wp-json\/wp\/v2\/product_cat?post=3094"},{"taxonomy":"product_tag","embeddable":true,"href":"https:\/\/shop.belegend.pt\/en\/wp-json\/wp\/v2\/product_tag?post=3094"}],"curies":[{"name":"wp","href":"https:\/\/api.w.org\/{rel}","templated":true}]}}