{"id":4781,"date":"2025-08-05T15:03:15","date_gmt":"2025-08-05T15:03:15","guid":{"rendered":"https:\/\/shop.belegend.pt\/?post_type=product&#038;p=4781"},"modified":"2025-10-17T12:14:02","modified_gmt":"2025-10-17T12:14:02","slug":"garrafa-legend-de-aco-inoxidavel","status":"publish","type":"product","link":"https:\/\/shop.belegend.pt\/en\/product\/garrafa-legend-de-aco-inoxidavel\/","title":{"rendered":"Garrafa Legend de A\u00e7o Inoxid\u00e1vel"},"content":{"rendered":"<p>Mant\u00e9m as tuas bebidas na temperatura ideal com a Garrafa Legend. Design elegante em preto fosco, com isolamento t\u00e9rmico que mant\u00e9m a tua bebida quente ou fria at\u00e9 24h. Compacta, resistente, \u00e9 a escolha perfeita para quem procura estilo e desempenho no seu treino<\/p>\n","protected":false},"excerpt":{"rendered":"<p>Mant\u00e9m as tuas bebidas na temperatura ideal com a Garrafa Legend. Design elegante em preto fosco, com isolamento t\u00e9rmico que mant\u00e9m a tua bebida quente ou fria at\u00e9 24h. Compacta, resistente, \u00e9 a escolha perfeita para quem procura estilo e desempenho no seu treino<\/p>\n","protected":false},"featured_media":4803,"template":"","meta":[],"product_brand":[],"product_cat":[64],"product_tag":[],"class_list":{"0":"post-4781","1":"product","2":"type-product","3":"status-publish","4":"has-post-thumbnail","6":"product_cat-acessorios","8":"first","9":"instock","10":"taxable","11":"shipping-taxable","12":"purchasable","13":"product-type-simple"},"_links":{"self":[{"href":"https:\/\/shop.belegend.pt\/en\/wp-json\/wp\/v2\/product\/4781","targetHints":{"allow":["GET"]}}],"collection":[{"href":"https:\/\/shop.belegend.pt\/en\/wp-json\/wp\/v2\/product"}],"about":[{"href":"https:\/\/shop.belegend.pt\/en\/wp-json\/wp\/v2\/types\/product"}],"wp:featuredmedia":[{"embeddable":true,"href":"https:\/\/shop.belegend.pt\/en\/wp-json\/wp\/v2\/media\/4803"}],"wp:attachment":[{"href":"https:\/\/shop.belegend.pt\/en\/wp-json\/wp\/v2\/media?parent=4781"}],"wp:term":[{"taxonomy":"product_brand","embeddable":true,"href":"https:\/\/shop.belegend.pt\/en\/wp-json\/wp\/v2\/product_brand?post=4781"},{"taxonomy":"product_cat","embeddable":true,"href":"https:\/\/shop.belegend.pt\/en\/wp-json\/wp\/v2\/product_cat?post=4781"},{"taxonomy":"product_tag","embeddable":true,"href":"https:\/\/shop.belegend.pt\/en\/wp-json\/wp\/v2\/product_tag?post=4781"}],"curies":[{"name":"wp","href":"https:\/\/api.w.org\/{rel}","templated":true}]}}