{"id":4814,"date":"2025-08-05T15:15:09","date_gmt":"2025-08-05T15:15:09","guid":{"rendered":"https:\/\/shop.belegend.pt\/?post_type=product&#038;p=4814"},"modified":"2026-01-04T12:55:43","modified_gmt":"2026-01-04T12:55:43","slug":"garrafao-2l-legend","status":"publish","type":"product","link":"https:\/\/shop.belegend.pt\/en\/product\/garrafao-2l-legend\/","title":{"rendered":"Garraf\u00e3o 2L Legend"},"content":{"rendered":"<p><span data-sheets-root=\"1\">A Garrafa Legend XL \u00e9 ideal para quem precisa de muita hidrata\u00e7\u00e3o durante o treino. Robusta e com capacidade de 2 liros, \u00e9 a op\u00e7\u00e3o ideal para uma lenda como tu<\/span><\/p>\n","protected":false},"excerpt":{"rendered":"<p>A Garrafa Legend XL \u00e9 ideal para quem precisa de muita hidrata\u00e7\u00e3o durante o treino. Robusta e com capacidade de 2 liros, \u00e9 a op\u00e7\u00e3o ideal para uma lenda como tu<\/p>\n","protected":false},"featured_media":4823,"template":"","meta":[],"product_brand":[],"product_cat":[64],"product_tag":[],"class_list":{"0":"post-4814","1":"product","2":"type-product","3":"status-publish","4":"has-post-thumbnail","6":"product_cat-acessorios","8":"first","9":"instock","10":"taxable","11":"shipping-taxable","12":"purchasable","13":"product-type-simple"},"_links":{"self":[{"href":"https:\/\/shop.belegend.pt\/en\/wp-json\/wp\/v2\/product\/4814","targetHints":{"allow":["GET"]}}],"collection":[{"href":"https:\/\/shop.belegend.pt\/en\/wp-json\/wp\/v2\/product"}],"about":[{"href":"https:\/\/shop.belegend.pt\/en\/wp-json\/wp\/v2\/types\/product"}],"wp:featuredmedia":[{"embeddable":true,"href":"https:\/\/shop.belegend.pt\/en\/wp-json\/wp\/v2\/media\/4823"}],"wp:attachment":[{"href":"https:\/\/shop.belegend.pt\/en\/wp-json\/wp\/v2\/media?parent=4814"}],"wp:term":[{"taxonomy":"product_brand","embeddable":true,"href":"https:\/\/shop.belegend.pt\/en\/wp-json\/wp\/v2\/product_brand?post=4814"},{"taxonomy":"product_cat","embeddable":true,"href":"https:\/\/shop.belegend.pt\/en\/wp-json\/wp\/v2\/product_cat?post=4814"},{"taxonomy":"product_tag","embeddable":true,"href":"https:\/\/shop.belegend.pt\/en\/wp-json\/wp\/v2\/product_tag?post=4814"}],"curies":[{"name":"wp","href":"https:\/\/api.w.org\/{rel}","templated":true}]}}