{"id":4937,"date":"2025-08-05T16:04:53","date_gmt":"2025-08-05T16:04:53","guid":{"rendered":"https:\/\/shop.belegend.pt\/?post_type=product&#038;p=4937"},"modified":"2025-11-04T13:18:23","modified_gmt":"2025-11-04T13:18:23","slug":"mochila-45l-legend-camo-verde","status":"publish","type":"product","link":"https:\/\/shop.belegend.pt\/en\/product\/mochila-45l-legend-camo-verde\/","title":{"rendered":"Mochila 45L Legend Camo Verde"},"content":{"rendered":"<p>Mochila vers\u00e1til com v\u00e1rios compartimentos e bolsos (interno e externo)<br \/>\ncom z\u00edper<br \/>\n48CMx28CMx28CM<br \/>\nCapacidade: 45L<\/p>\n<p>Nota: Oferta de um patch Legend com bandeira Portuguesa<\/p>\n","protected":false},"excerpt":{"rendered":"<p>Mochila vers\u00e1til com v\u00e1rios compartimentos e bolsos (interno e externo) com z\u00edper 48CMx28CMx28CM Capacidade: 45L Nota: Oferta de um patch Legend com bandeira Portuguesa<\/p>\n","protected":false},"featured_media":4964,"template":"","meta":[],"product_brand":[],"product_cat":[64],"product_tag":[],"class_list":{"0":"post-4937","1":"product","2":"type-product","3":"status-publish","4":"has-post-thumbnail","6":"product_cat-acessorios","8":"first","9":"outofstock","10":"taxable","11":"shipping-taxable","12":"purchasable","13":"product-type-simple"},"_links":{"self":[{"href":"https:\/\/shop.belegend.pt\/en\/wp-json\/wp\/v2\/product\/4937","targetHints":{"allow":["GET"]}}],"collection":[{"href":"https:\/\/shop.belegend.pt\/en\/wp-json\/wp\/v2\/product"}],"about":[{"href":"https:\/\/shop.belegend.pt\/en\/wp-json\/wp\/v2\/types\/product"}],"wp:featuredmedia":[{"embeddable":true,"href":"https:\/\/shop.belegend.pt\/en\/wp-json\/wp\/v2\/media\/4964"}],"wp:attachment":[{"href":"https:\/\/shop.belegend.pt\/en\/wp-json\/wp\/v2\/media?parent=4937"}],"wp:term":[{"taxonomy":"product_brand","embeddable":true,"href":"https:\/\/shop.belegend.pt\/en\/wp-json\/wp\/v2\/product_brand?post=4937"},{"taxonomy":"product_cat","embeddable":true,"href":"https:\/\/shop.belegend.pt\/en\/wp-json\/wp\/v2\/product_cat?post=4937"},{"taxonomy":"product_tag","embeddable":true,"href":"https:\/\/shop.belegend.pt\/en\/wp-json\/wp\/v2\/product_tag?post=4937"}],"curies":[{"name":"wp","href":"https:\/\/api.w.org\/{rel}","templated":true}]}}