{"id":5599,"date":"2025-10-17T15:18:16","date_gmt":"2025-10-17T15:18:16","guid":{"rendered":"https:\/\/shop.belegend.pt\/?post_type=product&#038;p=5599"},"modified":"2025-11-05T16:19:00","modified_gmt":"2025-11-05T16:19:00","slug":"crop-top-wkout-club-branco","status":"publish","type":"product","link":"https:\/\/shop.belegend.pt\/en\/product\/crop-top-wkout-club-branco\/","title":{"rendered":"Crop Top WKOUT Club Branco"},"content":{"rendered":"<hr data-start=\"110\" data-end=\"113\" \/>\n<p data-start=\"115\" data-end=\"412\">A combina\u00e7\u00e3o entre estilo e funcionalidade garante o equil\u00edbrio perfeito entre conforto e performance. O design cropped oferece total liberdade de movimento, enquanto as letras <strong data-start=\"292\" data-end=\"310\">bordadas \u00e0 m\u00e3o<\/strong> acrescentam um toque de exclusividade e detalhe premium &#8211; ideal para usar dentro e fora do gin\u00e1sio.<\/p>\n","protected":false},"excerpt":{"rendered":"<p>A combina\u00e7\u00e3o entre estilo e funcionalidade garante o equil\u00edbrio perfeito entre conforto e performance. O design cropped oferece total liberdade de movimento, enquanto as letras bordadas \u00e0 m\u00e3o acrescentam um toque de exclusividade e detalhe premium &#8211; ideal para usar dentro e fora do gin\u00e1sio.<\/p>\n","protected":false},"featured_media":5195,"template":"","meta":[],"product_brand":[],"product_cat":[56],"product_tag":[62],"class_list":{"0":"post-5599","1":"product","2":"type-product","3":"status-publish","4":"has-post-thumbnail","6":"product_cat-croptops-shirts","7":"product_tag-new-pt-pt","9":"first","10":"instock","11":"taxable","12":"shipping-taxable","13":"purchasable","14":"product-type-variable"},"_links":{"self":[{"href":"https:\/\/shop.belegend.pt\/en\/wp-json\/wp\/v2\/product\/5599","targetHints":{"allow":["GET"]}}],"collection":[{"href":"https:\/\/shop.belegend.pt\/en\/wp-json\/wp\/v2\/product"}],"about":[{"href":"https:\/\/shop.belegend.pt\/en\/wp-json\/wp\/v2\/types\/product"}],"wp:featuredmedia":[{"embeddable":true,"href":"https:\/\/shop.belegend.pt\/en\/wp-json\/wp\/v2\/media\/5195"}],"wp:attachment":[{"href":"https:\/\/shop.belegend.pt\/en\/wp-json\/wp\/v2\/media?parent=5599"}],"wp:term":[{"taxonomy":"product_brand","embeddable":true,"href":"https:\/\/shop.belegend.pt\/en\/wp-json\/wp\/v2\/product_brand?post=5599"},{"taxonomy":"product_cat","embeddable":true,"href":"https:\/\/shop.belegend.pt\/en\/wp-json\/wp\/v2\/product_cat?post=5599"},{"taxonomy":"product_tag","embeddable":true,"href":"https:\/\/shop.belegend.pt\/en\/wp-json\/wp\/v2\/product_tag?post=5599"}],"curies":[{"name":"wp","href":"https:\/\/api.w.org\/{rel}","templated":true}]}}