{"id":5641,"date":"2025-10-27T15:53:15","date_gmt":"2025-10-27T15:53:15","guid":{"rendered":"https:\/\/shop.belegend.pt\/?post_type=product&#038;p=5641"},"modified":"2025-11-28T22:21:21","modified_gmt":"2025-11-28T22:21:21","slug":"t-shirt-old-school-oversized-preta","status":"publish","type":"product","link":"https:\/\/shop.belegend.pt\/en\/product\/t-shirt-old-school-oversized-preta\/","title":{"rendered":"T-shirt Old School Oversized Preta"},"content":{"rendered":"<p>Apresentamos a T-shirt exclusiva Legend, criada para quem vive com atitude. Cada pe\u00e7a \u00e9 confecionada de forma \u00fanica, com produ\u00e7\u00e3o limitada e aten\u00e7\u00e3o total a cada detalhe.<\/p>\n","protected":false},"excerpt":{"rendered":"<p>Apresentamos a T-shirt exclusiva Legend, criada para quem vive com atitude. Cada pe\u00e7a \u00e9 confecionada de forma \u00fanica, com produ\u00e7\u00e3o limitada e aten\u00e7\u00e3o total a cada detalhe.<\/p>\n","protected":false},"featured_media":5661,"template":"","meta":[],"product_brand":[],"product_cat":[18],"product_tag":[62],"class_list":{"0":"post-5641","1":"product","2":"type-product","3":"status-publish","4":"has-post-thumbnail","6":"product_cat-t-shirts","7":"product_tag-new-pt-pt","9":"first","10":"instock","11":"taxable","12":"shipping-taxable","13":"purchasable","14":"product-type-variable"},"_links":{"self":[{"href":"https:\/\/shop.belegend.pt\/en\/wp-json\/wp\/v2\/product\/5641","targetHints":{"allow":["GET"]}}],"collection":[{"href":"https:\/\/shop.belegend.pt\/en\/wp-json\/wp\/v2\/product"}],"about":[{"href":"https:\/\/shop.belegend.pt\/en\/wp-json\/wp\/v2\/types\/product"}],"wp:featuredmedia":[{"embeddable":true,"href":"https:\/\/shop.belegend.pt\/en\/wp-json\/wp\/v2\/media\/5661"}],"wp:attachment":[{"href":"https:\/\/shop.belegend.pt\/en\/wp-json\/wp\/v2\/media?parent=5641"}],"wp:term":[{"taxonomy":"product_brand","embeddable":true,"href":"https:\/\/shop.belegend.pt\/en\/wp-json\/wp\/v2\/product_brand?post=5641"},{"taxonomy":"product_cat","embeddable":true,"href":"https:\/\/shop.belegend.pt\/en\/wp-json\/wp\/v2\/product_cat?post=5641"},{"taxonomy":"product_tag","embeddable":true,"href":"https:\/\/shop.belegend.pt\/en\/wp-json\/wp\/v2\/product_tag?post=5641"}],"curies":[{"name":"wp","href":"https:\/\/api.w.org\/{rel}","templated":true}]}}