{"id":5853,"date":"2025-11-10T12:07:20","date_gmt":"2025-11-10T12:07:20","guid":{"rendered":"https:\/\/shop.belegend.pt\/?post_type=product&#038;p=5853"},"modified":"2025-11-10T12:27:02","modified_gmt":"2025-11-10T12:27:02","slug":"garrafa-stc-legend-black-de-aco-inoxidavel","status":"publish","type":"product","link":"https:\/\/shop.belegend.pt\/en\/product\/garrafa-stc-legend-black-de-aco-inoxidavel\/","title":{"rendered":"Garrafa STC Legend Black de Ac\u0327o Inoxida\u0301vel"},"content":{"rendered":"<p>Garrafa STC Legend em a\u00e7o inoxid\u00e1vel com design inspirado no estilo Stanley. Mant\u00e9m a temperatura das bebidas frias ou quentes por v\u00e1rias horas, combinando funcionalidade e est\u00e9tica premium. Ideal para o dia a dia, treinos e viagens. Resistente, elegante e 100% no esp\u00edrito Legend.<\/p>\n","protected":false},"excerpt":{"rendered":"<p>Garrafa STC Legend em a\u00e7o inoxid\u00e1vel com design inspirado no estilo Stanley. Mant\u00e9m a temperatura das bebidas frias ou quentes por v\u00e1rias horas, combinando funcionalidade e est\u00e9tica premium. Ideal para o dia a dia, treinos e viagens. Resistente, elegante e 100% no esp\u00edrito Legend.<\/p>\n","protected":false},"featured_media":5854,"template":"","meta":[],"product_brand":[],"product_cat":[64],"product_tag":[62],"class_list":{"0":"post-5853","1":"product","2":"type-product","3":"status-publish","4":"has-post-thumbnail","6":"product_cat-acessorios","7":"product_tag-new-pt-pt","9":"first","10":"instock","11":"taxable","12":"shipping-taxable","13":"purchasable","14":"product-type-simple"},"_links":{"self":[{"href":"https:\/\/shop.belegend.pt\/en\/wp-json\/wp\/v2\/product\/5853","targetHints":{"allow":["GET"]}}],"collection":[{"href":"https:\/\/shop.belegend.pt\/en\/wp-json\/wp\/v2\/product"}],"about":[{"href":"https:\/\/shop.belegend.pt\/en\/wp-json\/wp\/v2\/types\/product"}],"wp:featuredmedia":[{"embeddable":true,"href":"https:\/\/shop.belegend.pt\/en\/wp-json\/wp\/v2\/media\/5854"}],"wp:attachment":[{"href":"https:\/\/shop.belegend.pt\/en\/wp-json\/wp\/v2\/media?parent=5853"}],"wp:term":[{"taxonomy":"product_brand","embeddable":true,"href":"https:\/\/shop.belegend.pt\/en\/wp-json\/wp\/v2\/product_brand?post=5853"},{"taxonomy":"product_cat","embeddable":true,"href":"https:\/\/shop.belegend.pt\/en\/wp-json\/wp\/v2\/product_cat?post=5853"},{"taxonomy":"product_tag","embeddable":true,"href":"https:\/\/shop.belegend.pt\/en\/wp-json\/wp\/v2\/product_tag?post=5853"}],"curies":[{"name":"wp","href":"https:\/\/api.w.org\/{rel}","templated":true}]}}