{"id":5862,"date":"2025-11-10T12:12:56","date_gmt":"2025-11-10T12:12:56","guid":{"rendered":"https:\/\/shop.belegend.pt\/?post_type=product&#038;p=5862"},"modified":"2025-11-10T12:14:02","modified_gmt":"2025-11-10T12:14:02","slug":"garrafa-influencer-fck-average-be-a-legend-de-aco-inoxidavel","status":"publish","type":"product","link":"https:\/\/shop.belegend.pt\/en\/product\/garrafa-influencer-fck-average-be-a-legend-de-aco-inoxidavel\/","title":{"rendered":"Garrafa Influencer F*ck Average Be a Legend de Ac\u0327o Inoxida\u0301vel"},"content":{"rendered":"<p>Garrafa Legend Influencer F*ck Average Be a Legend em a\u00e7o inoxid\u00e1vel. A tampa inclui um <strong data-start=\"103\" data-end=\"120\">\u00edm\u00e3 ajust\u00e1vel<\/strong> que permite fixar e rodar o telem\u00f3vel, ideal para <strong data-start=\"171\" data-end=\"240\">gravar v\u00eddeos, tirar fotos ou acompanhar o treino com m\u00e3os livres<\/strong>.<br data-start=\"241\" data-end=\"244\" \/>Fabricada em material dur\u00e1vel e resistente, mant\u00e9m a temperatura das bebidas por mais tempo, sendo perfeita para o dia a dia, treinos e desloca\u00e7\u00f5es.<\/p>\n","protected":false},"excerpt":{"rendered":"<p>Garrafa Legend Influencer F*ck Average Be a Legend em a\u00e7o inoxid\u00e1vel. A tampa inclui um \u00edm\u00e3 ajust\u00e1vel que permite fixar e rodar o telem\u00f3vel, ideal para gravar v\u00eddeos, tirar fotos ou acompanhar o treino com m\u00e3os livres.Fabricada em material dur\u00e1vel e resistente, mant\u00e9m a temperatura das bebidas por mais tempo, sendo perfeita para o dia [&hellip;]<\/p>\n","protected":false},"featured_media":5863,"template":"","meta":[],"product_brand":[],"product_cat":[64],"product_tag":[62],"class_list":{"0":"post-5862","1":"product","2":"type-product","3":"status-publish","4":"has-post-thumbnail","6":"product_cat-acessorios","7":"product_tag-new-pt-pt","9":"first","10":"instock","11":"taxable","12":"shipping-taxable","13":"purchasable","14":"product-type-simple"},"_links":{"self":[{"href":"https:\/\/shop.belegend.pt\/en\/wp-json\/wp\/v2\/product\/5862","targetHints":{"allow":["GET"]}}],"collection":[{"href":"https:\/\/shop.belegend.pt\/en\/wp-json\/wp\/v2\/product"}],"about":[{"href":"https:\/\/shop.belegend.pt\/en\/wp-json\/wp\/v2\/types\/product"}],"wp:featuredmedia":[{"embeddable":true,"href":"https:\/\/shop.belegend.pt\/en\/wp-json\/wp\/v2\/media\/5863"}],"wp:attachment":[{"href":"https:\/\/shop.belegend.pt\/en\/wp-json\/wp\/v2\/media?parent=5862"}],"wp:term":[{"taxonomy":"product_brand","embeddable":true,"href":"https:\/\/shop.belegend.pt\/en\/wp-json\/wp\/v2\/product_brand?post=5862"},{"taxonomy":"product_cat","embeddable":true,"href":"https:\/\/shop.belegend.pt\/en\/wp-json\/wp\/v2\/product_cat?post=5862"},{"taxonomy":"product_tag","embeddable":true,"href":"https:\/\/shop.belegend.pt\/en\/wp-json\/wp\/v2\/product_tag?post=5862"}],"curies":[{"name":"wp","href":"https:\/\/api.w.org\/{rel}","templated":true}]}}